{"id":346,"date":"2024-03-18T19:09:28","date_gmt":"2024-03-18T19:09:28","guid":{"rendered":"https:\/\/xn--sprytesing-75a7t.no\/?page_id=346"},"modified":"2024-03-20T13:34:19","modified_gmt":"2024-03-20T13:34:19","slug":"hva-er-sproytesaing","status":"publish","type":"page","link":"https:\/\/spr\u00f8ytes\u00e5ing.no\/?page_id=346","title":{"rendered":"Hva er spr\u00f8ytes\u00e5ing?"},"content":{"rendered":"\t\t<div data-elementor-type=\"wp-page\" data-elementor-id=\"346\" class=\"elementor elementor-346\">\n\t\t\t\t<div class=\"elementor-element elementor-element-3a12d48 e-flex e-con-boxed e-con e-parent\" data-id=\"3a12d48\" data-element_type=\"container\" data-e-type=\"container\">\n\t\t\t\t\t<div class=\"e-con-inner\">\n\t\t<div class=\"elementor-element elementor-element-fb89727 e-con-full e-flex e-con e-child\" data-id=\"fb89727\" data-element_type=\"container\" data-e-type=\"container\">\n\t\t\t\t<div class=\"elementor-element elementor-element-1eed2c9 elementor-widget elementor-widget-heading\" data-id=\"1eed2c9\" data-element_type=\"widget\" data-e-type=\"widget\" data-widget_type=\"heading.default\">\n\t\t\t\t<div class=\"elementor-widget-container\">\n\t\t\t\t\t<h2 class=\"elementor-heading-title elementor-size-default\">Hva er spr\u00f8ytes\u00e5ing?<\/h2>\t\t\t\t<\/div>\n\t\t\t\t<\/div>\n\t\t\t\t<div class=\"elementor-element elementor-element-066472e elementor-widget elementor-widget-text-editor\" data-id=\"066472e\" data-element_type=\"widget\" data-e-type=\"widget\" data-widget_type=\"text-editor.default\">\n\t\t\t\t<div class=\"elementor-widget-container\">\n\t\t\t\t\t\t\t\t\t<div class=\"articlePageDescription centerElement\"><p>Spr\u00f8ytes\u00e5ing er en metode for \u00e5 s\u00e5 gress raskt og kostnadseffektivt. Fr\u00f8, gj\u00f8dsel, bindemiddel, vann og vannabsorbant blandes i en tank og spr\u00f8ytes p\u00e5 arealene som \u00f8nskes tils\u00e5dd.<\/p><\/div><div class=\"articlePageBody centerElement\"><p>Denne metoden kommer fra USA og kom til Norge f\u00f8r 1970. Denne formen for tils\u00e5ing egner seg spesielt godt til omr\u00e5der slik som hager, veianlegg, industriomr\u00e5der, deponi, kraftanlegg, flyplasser, milit\u00e6re omr\u00e5der, idrettsanlegg m.m.<\/p><p>Valg av riktige planter og n\u00e6ring til ulike jordsmonn, klima, h\u00f8yde over havet o.l. er av st\u00f8rste betydning for et godt resultat. I v\u00e5re anbefalinger st\u00f8tter vi oss p\u00e5 v\u00e5r egen brede erfaring og de siste tilgjengelige forskningsresultater fra blandt andre\u00a0<a href=\"http:\/\/www.nibio.no\/\" target=\"_blank\" rel=\"noopener\">NIBIO<\/a>, som har ansvaret for den offisielle forskningen p\u00e5 fr\u00f8 til gr\u00f8ntanlegg i Norge.\u00a0Vi f\u00f8lger selvsagt ogs\u00e5 prossesskodene fra Statens Vegvesen vedr\u00f8rende gressetablering.<\/p><\/div>\t\t\t\t\t\t\t\t<\/div>\n\t\t\t\t<\/div>\n\t\t\t\t<\/div>\n\t\t<div class=\"elementor-element elementor-element-1c855db e-con-full e-flex e-con e-child\" data-id=\"1c855db\" data-element_type=\"container\" data-e-type=\"container\">\n\t\t\t\t<div class=\"elementor-element elementor-element-53673b2 elementor-widget elementor-widget-image\" data-id=\"53673b2\" data-element_type=\"widget\" data-e-type=\"widget\" data-widget_type=\"image.default\">\n\t\t\t\t<div class=\"elementor-widget-container\">\n\t\t\t\t\t\t\t\t\t\t\t\t\t\t\t<img fetchpriority=\"high\" decoding=\"async\" width=\"768\" height=\"1024\" src=\"https:\/\/spr\u00f8ytes\u00e5ing.no\/wp-content\/uploads\/2024\/03\/ea1528e4-a3db-44a1-9fb5-9a5b313059b8-768x1024.gif\" class=\"attachment-large size-large wp-image-212\" alt=\"\" srcset=\"https:\/\/spr\u00f8ytes\u00e5ing.no\/wp-content\/uploads\/2024\/03\/ea1528e4-a3db-44a1-9fb5-9a5b313059b8-768x1024.gif 768w, https:\/\/spr\u00f8ytes\u00e5ing.no\/wp-content\/uploads\/2024\/03\/ea1528e4-a3db-44a1-9fb5-9a5b313059b8-225x300.gif 225w\" sizes=\"(max-width: 768px) 100vw, 768px\" \/>\t\t\t\t\t\t\t\t\t\t\t\t\t\t\t<\/div>\n\t\t\t\t<\/div>\n\t\t\t\t<\/div>\n\t\t\t\t\t<\/div>\n\t\t\t\t<\/div>\n\t\t<div class=\"elementor-element elementor-element-c8fc856 e-flex e-con-boxed e-con e-parent\" data-id=\"c8fc856\" data-element_type=\"container\" data-e-type=\"container\">\n\t\t\t\t\t<div class=\"e-con-inner\">\n\t\t<div class=\"elementor-element elementor-element-f6e7549 e-con-full e-flex e-con e-child\" data-id=\"f6e7549\" data-element_type=\"container\" data-e-type=\"container\">\n\t\t\t\t<div class=\"elementor-element elementor-element-77ba630 elementor-widget elementor-widget-image\" data-id=\"77ba630\" data-element_type=\"widget\" data-e-type=\"widget\" data-widget_type=\"image.default\">\n\t\t\t\t<div class=\"elementor-widget-container\">\n\t\t\t\t\t\t\t\t\t\t\t\t\t\t\t<img decoding=\"async\" width=\"768\" height=\"1024\" src=\"https:\/\/spr\u00f8ytes\u00e5ing.no\/wp-content\/uploads\/2024\/03\/379d1307-6143-43f9-983a-b76b66e61f8f-768x1024.gif\" class=\"attachment-large size-large wp-image-204\" alt=\"\" srcset=\"https:\/\/spr\u00f8ytes\u00e5ing.no\/wp-content\/uploads\/2024\/03\/379d1307-6143-43f9-983a-b76b66e61f8f-768x1024.gif 768w, https:\/\/spr\u00f8ytes\u00e5ing.no\/wp-content\/uploads\/2024\/03\/379d1307-6143-43f9-983a-b76b66e61f8f-225x300.gif 225w\" sizes=\"(max-width: 768px) 100vw, 768px\" \/>\t\t\t\t\t\t\t\t\t\t\t\t\t\t\t<\/div>\n\t\t\t\t<\/div>\n\t\t\t\t<\/div>\n\t\t<div class=\"elementor-element elementor-element-e534bdb e-con-full e-flex e-con e-child\" data-id=\"e534bdb\" data-element_type=\"container\" data-e-type=\"container\">\n\t\t\t\t<div class=\"elementor-element elementor-element-4da6c73 elementor-widget elementor-widget-heading\" data-id=\"4da6c73\" data-element_type=\"widget\" data-e-type=\"widget\" data-widget_type=\"heading.default\">\n\t\t\t\t<div class=\"elementor-widget-container\">\n\t\t\t\t\t<h2 class=\"elementor-heading-title elementor-size-default\">Hvorfor spr\u00f8ytes\u00e5?<\/h2>\t\t\t\t<\/div>\n\t\t\t\t<\/div>\n\t\t\t\t<div class=\"elementor-element elementor-element-3d04391 elementor-widget elementor-widget-text-editor\" data-id=\"3d04391\" data-element_type=\"widget\" data-e-type=\"widget\" data-widget_type=\"text-editor.default\">\n\t\t\t\t<div class=\"elementor-widget-container\">\n\t\t\t\t\t\t\t\t\t<div class=\"articlePageDescription centerElement\">\n<p>Hvorfor s\u00e5 i det hele tatt, kan ikke naturen bare g\u00e5 sin gang?<em>&nbsp;<\/em>Jo selvsagt kan den det, men det tar tid n\u00e5r naturen skal lege seg selv, ofte snakker vi om flere \u00e5r.<\/p><\/div><div class=\"articlePageBody centerElement\">\n<div>Under denne tiden vil s\u00e5rflatene v\u00e6re utsatt for erosjon og avrenning. Med tanke p\u00e5 dagens milj\u00f8krav er dette ingen \u00f8nskesituasjon, og rent estetisk ser det heller ikke alltid like bra ut. Ved \u00e5 etablere gress s\u00e5 raskt som mulig etter inngrep i naturen,&nbsp;kan vi&nbsp;forhindre erosjon og avrenning og dette er en milj\u00f8messig gevinst.<\/div>\n<div>&nbsp;<\/div>\n<div>Spr\u00f8ytes\u00e5ing er en sv\u00e6rt rask m\u00e5te \u00e5 s\u00e5 st\u00f8rre arealer p\u00e5 og dermed ogs\u00e5 kostnadseffektiv, kontra mer tradisjonell tils\u00e5ing. Med v\u00e5rt utstyr kan vi dekke ca. 7000 kvadratmeter pr. tank og rekkevidden er 30-40 meter fra bil. I tillegg kan vi legge ut slanger slik at rekkevidden blir betydelig lengre. Nedmolding av fr\u00f8 og tromling er ikke n\u00f8dvendig ved maskinell tils\u00e5ing.<\/div>\n<\/div>\t\t\t\t\t\t\t\t<\/div>\n\t\t\t\t<\/div>\n\t\t\t\t<\/div>\n\t\t\t\t\t<\/div>\n\t\t\t\t<\/div>\n\t\t\t\t<\/div>\n\t\t","protected":false},"excerpt":{"rendered":"<p>Hva er spr\u00f8ytes\u00e5ing? Spr\u00f8ytes\u00e5ing er en metode for \u00e5 s\u00e5 gress raskt og kostnadseffektivt. Fr\u00f8, gj\u00f8dsel, bindemiddel, vann og vannabsorbant [&hellip;]<\/p>\n","protected":false},"author":1,"featured_media":0,"parent":0,"menu_order":0,"comment_status":"closed","ping_status":"closed","template":"","meta":{"site-sidebar-layout":"no-sidebar","site-content-layout":"","ast-site-content-layout":"full-width-container","site-content-style":"default","site-sidebar-style":"default","ast-global-header-display":"","ast-banner-title-visibility":"","ast-main-header-display":"","ast-hfb-above-header-display":"","ast-hfb-below-header-display":"","ast-hfb-mobile-header-display":"","site-post-title":"disabled","ast-breadcrumbs-content":"","ast-featured-img":"disabled","footer-sml-layout":"","ast-disable-related-posts":"","theme-transparent-header-meta":"","adv-header-id-meta":"","stick-header-meta":"","header-above-stick-meta":"","header-main-stick-meta":"","header-below-stick-meta":"","astra-migrate-meta-layouts":"default","ast-page-background-enabled":"default","ast-page-background-meta":{"desktop":{"background-color":"var(--ast-global-color-4)","background-image":"","background-repeat":"repeat","background-position":"center center","background-size":"auto","background-attachment":"scroll","background-type":"","background-media":"","overlay-type":"","overlay-color":"","overlay-opacity":"","overlay-gradient":""},"tablet":{"background-color":"","background-image":"","background-repeat":"repeat","background-position":"center center","background-size":"auto","background-attachment":"scroll","background-type":"","background-media":"","overlay-type":"","overlay-color":"","overlay-opacity":"","overlay-gradient":""},"mobile":{"background-color":"","background-image":"","background-repeat":"repeat","background-position":"center center","background-size":"auto","background-attachment":"scroll","background-type":"","background-media":"","overlay-type":"","overlay-color":"","overlay-opacity":"","overlay-gradient":""}},"ast-content-background-meta":{"desktop":{"background-color":"var(--ast-global-color-5)","background-image":"","background-repeat":"repeat","background-position":"center center","background-size":"auto","background-attachment":"scroll","background-type":"","background-media":"","overlay-type":"","overlay-color":"","overlay-opacity":"","overlay-gradient":""},"tablet":{"background-color":"var(--ast-global-color-5)","background-image":"","background-repeat":"repeat","background-position":"center center","background-size":"auto","background-attachment":"scroll","background-type":"","background-media":"","overlay-type":"","overlay-color":"","overlay-opacity":"","overlay-gradient":""},"mobile":{"background-color":"var(--ast-global-color-5)","background-image":"","background-repeat":"repeat","background-position":"center center","background-size":"auto","background-attachment":"scroll","background-type":"","background-media":"","overlay-type":"","overlay-color":"","overlay-opacity":"","overlay-gradient":""}},"footnotes":""},"class_list":["post-346","page","type-page","status-publish","hentry"],"_links":{"self":[{"href":"https:\/\/spr\u00f8ytes\u00e5ing.no\/index.php?rest_route=\/wp\/v2\/pages\/346","targetHints":{"allow":["GET"]}}],"collection":[{"href":"https:\/\/spr\u00f8ytes\u00e5ing.no\/index.php?rest_route=\/wp\/v2\/pages"}],"about":[{"href":"https:\/\/spr\u00f8ytes\u00e5ing.no\/index.php?rest_route=\/wp\/v2\/types\/page"}],"author":[{"embeddable":true,"href":"https:\/\/spr\u00f8ytes\u00e5ing.no\/index.php?rest_route=\/wp\/v2\/users\/1"}],"replies":[{"embeddable":true,"href":"https:\/\/spr\u00f8ytes\u00e5ing.no\/index.php?rest_route=%2Fwp%2Fv2%2Fcomments&post=346"}],"version-history":[{"count":17,"href":"https:\/\/spr\u00f8ytes\u00e5ing.no\/index.php?rest_route=\/wp\/v2\/pages\/346\/revisions"}],"predecessor-version":[{"id":389,"href":"https:\/\/spr\u00f8ytes\u00e5ing.no\/index.php?rest_route=\/wp\/v2\/pages\/346\/revisions\/389"}],"wp:attachment":[{"href":"https:\/\/spr\u00f8ytes\u00e5ing.no\/index.php?rest_route=%2Fwp%2Fv2%2Fmedia&parent=346"}],"curies":[{"name":"wp","href":"https:\/\/api.w.org\/{rel}","templated":true}]}}